{"id":1599,"date":"2024-01-27T19:23:44","date_gmt":"2024-01-27T19:23:44","guid":{"rendered":"https:\/\/olaarts.rs\/?page_id=1599"},"modified":"2026-02-21T09:32:05","modified_gmt":"2026-02-21T09:32:05","slug":"ratnici-srece","status":"publish","type":"page","link":"https:\/\/olaarts.rs\/en\/ratnici-srece\/","title":{"rendered":"Warriors of Happiness"},"content":{"rendered":"<div data-elementor-type=\"wp-page\" data-elementor-id=\"1599\" class=\"elementor elementor-1599\" data-elementor-post-type=\"page\">\n\t\t\t\t<div class=\"elementor-element elementor-element-634a737 e-flex e-con-boxed wcf-starter-animations-none e-con e-parent\" data-id=\"634a737\" data-element_type=\"container\" data-e-type=\"container\" data-settings=\"{&quot;wcf_enable_cursor_hover_effect_text&quot;:&quot;View&quot;,&quot;wcf-animation&quot;:&quot;none&quot;,&quot;wcf_enable_pin_area&quot;:&quot;no&quot;,&quot;aae_enable_header_sticky_area&quot;:&quot;no&quot;,&quot;wcf_enable_horizontal_scroll&quot;:&quot;no&quot;}\">\n\t\t\t\t\t<div class=\"e-con-inner\">\n\t\t\t\t<div class=\"elementor-element elementor-element-3bf9221 wcf-starter-animations-none wcf-t-animation-none elementor-widget elementor-widget-heading\" data-id=\"3bf9221\" data-element_type=\"widget\" data-e-type=\"widget\" data-settings=\"{&quot;wcf_starter_animations&quot;:&quot;none&quot;,&quot;wcf_anim_duration&quot;:1000,&quot;wcf_anim_delay&quot;:0,&quot;wcf_anim_ease&quot;:&quot;ease&quot;,&quot;wcf_text_animation&quot;:&quot;none&quot;,&quot;wcf-animation&quot;:&quot;none&quot;}\" data-widget_type=\"heading.default\">\n\t\t\t\t<div class=\"elementor-widget-container\">\n\t\t\t\t\t<h1 class=\"elementor-heading-title elementor-size-default\">Warriors of Happiness<\/h1>\t\t\t\t<\/div>\n\t\t\t\t<\/div>\n\t\t\t\t\t<\/div>\n\t\t\t\t<\/div>\n\t\t<div class=\"elementor-element elementor-element-627f058 e-flex e-con-boxed wcf-starter-animations-none e-con e-parent\" data-id=\"627f058\" data-element_type=\"container\" data-e-type=\"container\" data-settings=\"{&quot;wcf_enable_cursor_hover_effect_text&quot;:&quot;View&quot;,&quot;wcf-animation&quot;:&quot;none&quot;,&quot;wcf_enable_pin_area&quot;:&quot;no&quot;,&quot;aae_enable_header_sticky_area&quot;:&quot;no&quot;,&quot;wcf_enable_horizontal_scroll&quot;:&quot;no&quot;}\">\n\t\t\t\t\t<div class=\"e-con-inner\">\n\t\t<div class=\"elementor-element elementor-element-8471a65 e-con-full e-flex wcf-starter-animations-none e-con e-child\" data-id=\"8471a65\" data-element_type=\"container\" data-e-type=\"container\" data-settings=\"{&quot;wcf_enable_cursor_hover_effect_text&quot;:&quot;View&quot;,&quot;wcf-animation&quot;:&quot;none&quot;,&quot;wcf_enable_pin_area&quot;:&quot;no&quot;,&quot;aae_enable_header_sticky_area&quot;:&quot;no&quot;,&quot;wcf_enable_horizontal_scroll&quot;:&quot;no&quot;}\">\n\t\t\t\t<div class=\"elementor-element elementor-element-c2d3cce wcf-starter-animations-none elementor-invisible elementor-widget elementor-widget-image\" data-id=\"c2d3cce\" data-element_type=\"widget\" data-e-type=\"widget\" data-settings=\"{&quot;_animation&quot;:&quot;pulse&quot;,&quot;wcf_starter_animations&quot;:&quot;none&quot;,&quot;wcf_anim_duration&quot;:1000,&quot;wcf_anim_delay&quot;:0,&quot;wcf_anim_ease&quot;:&quot;ease&quot;,&quot;wcf-image-animation&quot;:&quot;none&quot;,&quot;wcf-animation&quot;:&quot;none&quot;}\" data-widget_type=\"image.default\">\n\t\t\t\t<div class=\"elementor-widget-container\">\n\t\t\t\t\t\t\t\t\t\t\t\t\t\t\t<img fetchpriority=\"high\" decoding=\"async\" width=\"789\" height=\"1024\" src=\"https:\/\/olaarts.rs\/wp-content\/uploads\/2024\/10\/Ratnici-srece-100-x-120-789x1024.jpg\" class=\"attachment-large size-large wp-image-1583\" alt=\"\" srcset=\"https:\/\/olaarts.rs\/wp-content\/uploads\/2024\/10\/Ratnici-srece-100-x-120-789x1024.jpg 789w, https:\/\/olaarts.rs\/wp-content\/uploads\/2024\/10\/Ratnici-srece-100-x-120-231x300.jpg 231w, https:\/\/olaarts.rs\/wp-content\/uploads\/2024\/10\/Ratnici-srece-100-x-120-768x997.jpg 768w, https:\/\/olaarts.rs\/wp-content\/uploads\/2024\/10\/Ratnici-srece-100-x-120-1183x1536.jpg 1183w, https:\/\/olaarts.rs\/wp-content\/uploads\/2024\/10\/Ratnici-srece-100-x-120.jpg 1200w\" sizes=\"(max-width: 789px) 100vw, 789px\" \/>\t\t\t\t\t\t\t\t\t\t\t\t\t\t\t<\/div>\n\t\t\t\t<\/div>\n\t\t\t\t<div class=\"elementor-element elementor-element-07816e3 wcf-starter-animations-none elementor-invisible elementor-widget elementor-widget-image\" data-id=\"07816e3\" data-element_type=\"widget\" data-e-type=\"widget\" data-settings=\"{&quot;_animation&quot;:&quot;pulse&quot;,&quot;wcf_starter_animations&quot;:&quot;none&quot;,&quot;wcf_anim_duration&quot;:1000,&quot;wcf_anim_delay&quot;:0,&quot;wcf_anim_ease&quot;:&quot;ease&quot;,&quot;wcf-image-animation&quot;:&quot;none&quot;,&quot;wcf-animation&quot;:&quot;none&quot;}\" data-widget_type=\"image.default\">\n\t\t\t\t<div class=\"elementor-widget-container\">\n\t\t\t\t\t\t\t\t\t\t\t\t\t\t\t<img decoding=\"async\" width=\"720\" height=\"900\" src=\"https:\/\/olaarts.rs\/wp-content\/uploads\/2024\/10\/Ratnici-srece-3.jpg\" class=\"attachment-large size-large wp-image-1608\" alt=\"\" srcset=\"https:\/\/olaarts.rs\/wp-content\/uploads\/2024\/10\/Ratnici-srece-3.jpg 720w, https:\/\/olaarts.rs\/wp-content\/uploads\/2024\/10\/Ratnici-srece-3-240x300.jpg 240w\" sizes=\"(max-width: 720px) 100vw, 720px\" \/>\t\t\t\t\t\t\t\t\t\t\t\t\t\t\t<\/div>\n\t\t\t\t<\/div>\n\t\t\t\t<div class=\"elementor-element elementor-element-7cc162e wcf-starter-animations-none elementor-invisible elementor-widget elementor-widget-image\" data-id=\"7cc162e\" data-element_type=\"widget\" data-e-type=\"widget\" data-settings=\"{&quot;_animation&quot;:&quot;pulse&quot;,&quot;wcf_starter_animations&quot;:&quot;none&quot;,&quot;wcf_anim_duration&quot;:1000,&quot;wcf_anim_delay&quot;:0,&quot;wcf_anim_ease&quot;:&quot;ease&quot;,&quot;wcf-image-animation&quot;:&quot;none&quot;,&quot;wcf-animation&quot;:&quot;none&quot;}\" data-widget_type=\"image.default\">\n\t\t\t\t<div class=\"elementor-widget-container\">\n\t\t\t\t\t\t\t\t\t\t\t\t\t\t\t<img decoding=\"async\" width=\"720\" height=\"900\" src=\"https:\/\/olaarts.rs\/wp-content\/uploads\/2024\/10\/Ratnici-srece-2.jpg\" class=\"attachment-large size-large wp-image-1607\" alt=\"\" srcset=\"https:\/\/olaarts.rs\/wp-content\/uploads\/2024\/10\/Ratnici-srece-2.jpg 720w, https:\/\/olaarts.rs\/wp-content\/uploads\/2024\/10\/Ratnici-srece-2-240x300.jpg 240w\" sizes=\"(max-width: 720px) 100vw, 720px\" \/>\t\t\t\t\t\t\t\t\t\t\t\t\t\t\t<\/div>\n\t\t\t\t<\/div>\n\t\t\t\t<div class=\"elementor-element elementor-element-d4a9be0 wcf-starter-animations-none elementor-invisible elementor-widget elementor-widget-image\" data-id=\"d4a9be0\" data-element_type=\"widget\" data-e-type=\"widget\" data-settings=\"{&quot;_animation&quot;:&quot;pulse&quot;,&quot;wcf_starter_animations&quot;:&quot;none&quot;,&quot;wcf_anim_duration&quot;:1000,&quot;wcf_anim_delay&quot;:0,&quot;wcf_anim_ease&quot;:&quot;ease&quot;,&quot;wcf-image-animation&quot;:&quot;none&quot;,&quot;wcf-animation&quot;:&quot;none&quot;}\" data-widget_type=\"image.default\">\n\t\t\t\t<div class=\"elementor-widget-container\">\n\t\t\t\t\t\t\t\t\t\t\t\t\t\t\t<img loading=\"lazy\" decoding=\"async\" width=\"720\" height=\"900\" src=\"https:\/\/olaarts.rs\/wp-content\/uploads\/2024\/10\/Ratnici-srece-4.jpg\" class=\"attachment-large size-large wp-image-1609\" alt=\"\" srcset=\"https:\/\/olaarts.rs\/wp-content\/uploads\/2024\/10\/Ratnici-srece-4.jpg 720w, https:\/\/olaarts.rs\/wp-content\/uploads\/2024\/10\/Ratnici-srece-4-240x300.jpg 240w\" sizes=\"(max-width: 720px) 100vw, 720px\" \/>\t\t\t\t\t\t\t\t\t\t\t\t\t\t\t<\/div>\n\t\t\t\t<\/div>\n\t\t\t\t<\/div>\n\t\t<div class=\"elementor-element elementor-element-c58e044 e-con-full e-flex wcf-starter-animations-none e-con e-child\" data-id=\"c58e044\" data-element_type=\"container\" data-e-type=\"container\" data-settings=\"{&quot;wcf_enable_cursor_hover_effect_text&quot;:&quot;View&quot;,&quot;wcf-animation&quot;:&quot;none&quot;,&quot;wcf_enable_pin_area&quot;:&quot;no&quot;,&quot;aae_enable_header_sticky_area&quot;:&quot;no&quot;,&quot;wcf_enable_horizontal_scroll&quot;:&quot;no&quot;}\">\n\t\t<div class=\"elementor-element elementor-element-e3661b2 e-con-full e-flex wcf-starter-animations-none e-con e-child\" data-id=\"e3661b2\" data-element_type=\"container\" data-e-type=\"container\" data-settings=\"{&quot;background_background&quot;:&quot;classic&quot;,&quot;wcf_enable_cursor_hover_effect_text&quot;:&quot;View&quot;,&quot;wcf-animation&quot;:&quot;none&quot;,&quot;wcf_enable_pin_area&quot;:&quot;no&quot;,&quot;aae_enable_header_sticky_area&quot;:&quot;no&quot;,&quot;wcf_enable_horizontal_scroll&quot;:&quot;no&quot;}\">\n\t\t\t\t<div class=\"elementor-element elementor-element-3bdeef6 elementor-widget elementor-widget-audio\" data-id=\"3bdeef6\" data-element_type=\"widget\" data-e-type=\"widget\" data-settings=\"{&quot;wcf-animation&quot;:&quot;none&quot;}\" data-widget_type=\"audio.default\">\n\t\t\t\t<div class=\"elementor-widget-container\">\n\t\t\t\t\t\t\t\t<div class=\"elementor-soundcloud-wrapper\">\n\t\t\t\t<iframe width=\"800\" height=\"200\" frameborder=\"no\" src=\"https:\/\/w.soundcloud.com\/player\/?visual=false&#038;url=https%3A%2F%2Fapi.soundcloud.com%2Ftracks%2F2270671385&#038;show_artwork=false&#038;maxheight=1000&#038;maxwidth=800&#038;secret_token=s-diLW1Ltz8dR&#038;auto_play=false&#038;buying=false&#038;liking=false&#038;download=false&#038;sharing=false&#038;show_comments=false&#038;show_playcount=false&#038;show_user=false&#038;color\"><\/iframe>\t\t\t<\/div>\n\t\t\t\t\t\t\t<\/div>\n\t\t\t\t<\/div>\n\t\t\t\t<div class=\"elementor-element elementor-element-9903fe2 wcf-starter-animations-none wcf-t-animation-none elementor-widget elementor-widget-text-editor\" data-id=\"9903fe2\" data-element_type=\"widget\" data-e-type=\"widget\" data-settings=\"{&quot;wcf_starter_animations&quot;:&quot;none&quot;,&quot;wcf_anim_duration&quot;:1000,&quot;wcf_anim_delay&quot;:0,&quot;wcf_anim_ease&quot;:&quot;ease&quot;,&quot;wcf_text_animation&quot;:&quot;none&quot;,&quot;wcf-animation&quot;:&quot;none&quot;}\" data-widget_type=\"text-editor.default\">\n\t\t\t\t<div class=\"elementor-widget-container\">\n\t\t\t\t\t\t\t\t\t<p>The main heroine of this story is Neva, a young warrior from the family of dragonflies, with whom both children and adults can easily identify. She is not portrayed as a perfect hero but as someone who doubts herself, fears failure, and wonders if she is capable enough\u2014and that is precisely what makes her relatable to the reader.<\/p><p>In the story\u2019s pivotal scene\u2014Neva\u2019s encounter with a boy rejected by the other children\u2014we learn much about her empathy. It is not enough to simply possess a tool (an arrow); one must also have understanding and a genuine desire to help.<\/p><p>Neva\u2019s character and the story would lose much of their meaning if the rejected boy did not appear\u2014a symbol of every child (and adult) who feels excluded because of their differences. He wore glasses, the only physical difference from the other children, but this was enough reason for him to be excluded from the group. However, this harsh act does not make the story pessimistic; instead, it shows us that change does not happen through force, but through the awakening of self-confidence. Neva\u2019s shimmering dust falling on the boy\u2019s head does not transform him at his core but awakens what was already inside him\u2014the desire to try again, to believe in his own worth.<br \/><br \/>The boy\u2019s decision to bring drawing supplies captures the essence of the story. This moment marks the beginning of his transformation\u2014not through revenge or proving himself, but through self-expression and sharing with others. When the children recognize his sincerity and talent, they forget the differences, which we interpret as a kind of victory of empathy over prejudice. The story\u2019s closing line,<br \/>\u201cWe will always fight for happiness because life itself is only worth living for that,\u201d<br \/>not only summarizes its core idea but also leaves a lasting conclusion\u2014that happiness is both a goal and a struggle; it comes from within but grows stronger when shared with others.<\/p>\t\t\t\t\t\t\t\t<\/div>\n\t\t\t\t<\/div>\n\t\t\t\t<\/div>\n\t\t\t\t<div class=\"elementor-element elementor-element-d776b40 elementor-blockquote--skin-clean elementor-blockquote--align-right elementor-widget elementor-widget-blockquote\" data-id=\"d776b40\" data-element_type=\"widget\" data-e-type=\"widget\" data-settings=\"{&quot;wcf-animation&quot;:&quot;none&quot;}\" data-widget_type=\"blockquote.default\">\n\t\t\t\t<div class=\"elementor-widget-container\">\n\t\t\t\t\t\t\t<blockquote class=\"elementor-blockquote\">\n\t\t\t<p class=\"elementor-blockquote__content\">\n\t\t\t\tAnalysis of the tale\t\t\t<\/p>\n\t\t\t\t\t\t\t<div class=\"e-q-footer\">\n\t\t\t\t\t\t\t\t\t\t\t<cite class=\"elementor-blockquote__author\">Brankica Crnoglavac<\/cite>\n\t\t\t\t\t\t\t\t\t\t\t\t\t\t<\/div>\n\t\t\t\t\t<\/blockquote>\n\t\t\t\t\t\t<\/div>\n\t\t\t\t<\/div>\n\t\t\t\t<\/div>\n\t\t\t\t\t<\/div>\n\t\t\t\t<\/div>\n\t\t\t\t<\/div>","protected":false},"excerpt":{"rendered":"<p>Ratnici sre\u0107e Glavna junakinja ove pri\u010de je Neva, mlada ratnica iz porodice vilinih konjica, sa kojim se vrlo lako mogu poistovetiti deca, ali i odrasli. Ona nije prikazana kao savr\u0161ena junakinja, ve\u0107 kao neko ko sumnja, neko ko se boji neuspeha i razmi\u0161lja da li je dovoljno sposobna, a upravo to je ono \u0161to je [&hellip;]<\/p>\n","protected":false},"author":1,"featured_media":0,"parent":0,"menu_order":0,"comment_status":"closed","ping_status":"closed","template":"elementor_header_footer","meta":{"footnotes":""},"class_list":["post-1599","page","type-page","status-publish","hentry"],"yoast_head":"<!-- This site is optimized with the Yoast SEO plugin v27.4 - https:\/\/yoast.com\/product\/yoast-seo-wordpress\/ -->\n<title>ola_art_s - Ratnici sre\u0107e - Aleksandra Stefanovi\u0107<\/title>\n<meta name=\"description\" content=\"Skriveni od pogleda obi\u010dnih ljudi, pokraj jedne male re\u010dice, \u017eivela je nadprirodna vrsta vilinih konjica- Ratnici Sre\u0107e.\" \/>\n<meta name=\"robots\" content=\"index, follow, max-snippet:-1, max-image-preview:large, max-video-preview:-1\" \/>\n<link rel=\"canonical\" href=\"https:\/\/olaarts.rs\/en\/ratnici-srece\/\" \/>\n<meta property=\"og:locale\" content=\"en_US\" \/>\n<meta property=\"og:type\" content=\"article\" \/>\n<meta property=\"og:title\" content=\"ola_art_s - Ratnici sre\u0107e - Aleksandra Stefanovi\u0107\" \/>\n<meta property=\"og:description\" content=\"Skriveni od pogleda obi\u010dnih ljudi, pokraj jedne male re\u010dice, \u017eivela je nadprirodna vrsta vilinih konjica- Ratnici Sre\u0107e.\" \/>\n<meta property=\"og:url\" content=\"https:\/\/olaarts.rs\/en\/ratnici-srece\/\" \/>\n<meta property=\"og:site_name\" content=\"ola_art_s\" \/>\n<meta property=\"article:publisher\" content=\"https:\/\/www.facebook.com\/profile.php?id=100076116307580&amp;mibextid=kFxxJD\" \/>\n<meta property=\"article:modified_time\" content=\"2026-02-21T09:32:05+00:00\" \/>\n<meta property=\"og:image\" content=\"https:\/\/olaarts.rs\/wp-content\/uploads\/2024\/10\/Ratnici-srece-100-x-120.jpg\" \/>\n\t<meta property=\"og:image:width\" content=\"1200\" \/>\n\t<meta property=\"og:image:height\" content=\"1558\" \/>\n\t<meta property=\"og:image:type\" content=\"image\/jpeg\" \/>\n<meta name=\"twitter:card\" content=\"summary_large_image\" \/>\n<meta name=\"twitter:label1\" content=\"Est. reading time\" \/>\n\t<meta name=\"twitter:data1\" content=\"3 minutes\" \/>\n<script type=\"application\/ld+json\" class=\"yoast-schema-graph\">{\"@context\":\"https:\\\/\\\/schema.org\",\"@graph\":[{\"@type\":\"WebPage\",\"@id\":\"https:\\\/\\\/olaarts.rs\\\/ratnici-srece\\\/\",\"url\":\"https:\\\/\\\/olaarts.rs\\\/ratnici-srece\\\/\",\"name\":\"ola_art_s - Ratnici sre\u0107e - Aleksandra Stefanovi\u0107\",\"isPartOf\":{\"@id\":\"https:\\\/\\\/olaarts.rs\\\/#website\"},\"primaryImageOfPage\":{\"@id\":\"https:\\\/\\\/olaarts.rs\\\/ratnici-srece\\\/#primaryimage\"},\"image\":{\"@id\":\"https:\\\/\\\/olaarts.rs\\\/ratnici-srece\\\/#primaryimage\"},\"thumbnailUrl\":\"https:\\\/\\\/olaarts.rs\\\/wp-content\\\/uploads\\\/2024\\\/10\\\/Ratnici-srece-100-x-120-789x1024.jpg\",\"datePublished\":\"2024-01-27T19:23:44+00:00\",\"dateModified\":\"2026-02-21T09:32:05+00:00\",\"description\":\"Skriveni od pogleda obi\u010dnih ljudi, pokraj jedne male re\u010dice, \u017eivela je nadprirodna vrsta vilinih konjica- Ratnici Sre\u0107e.\",\"breadcrumb\":{\"@id\":\"https:\\\/\\\/olaarts.rs\\\/ratnici-srece\\\/#breadcrumb\"},\"inLanguage\":\"en-US\",\"potentialAction\":[{\"@type\":\"ReadAction\",\"target\":[\"https:\\\/\\\/olaarts.rs\\\/ratnici-srece\\\/\"]}]},{\"@type\":\"ImageObject\",\"inLanguage\":\"en-US\",\"@id\":\"https:\\\/\\\/olaarts.rs\\\/ratnici-srece\\\/#primaryimage\",\"url\":\"https:\\\/\\\/olaarts.rs\\\/wp-content\\\/uploads\\\/2024\\\/10\\\/Ratnici-srece-100-x-120-789x1024.jpg\",\"contentUrl\":\"https:\\\/\\\/olaarts.rs\\\/wp-content\\\/uploads\\\/2024\\\/10\\\/Ratnici-srece-100-x-120-789x1024.jpg\"},{\"@type\":\"BreadcrumbList\",\"@id\":\"https:\\\/\\\/olaarts.rs\\\/ratnici-srece\\\/#breadcrumb\",\"itemListElement\":[{\"@type\":\"ListItem\",\"position\":1,\"name\":\"Aleksandra Stefanovi\u0107\",\"item\":\"https:\\\/\\\/olaarts.rs\\\/\"},{\"@type\":\"ListItem\",\"position\":2,\"name\":\"Ratnici sre\u0107e\"}]},{\"@type\":\"WebSite\",\"@id\":\"https:\\\/\\\/olaarts.rs\\\/#website\",\"url\":\"https:\\\/\\\/olaarts.rs\\\/\",\"name\":\"Ola arts\",\"description\":\"Aleksandra Stefanovi\u0107\",\"publisher\":{\"@id\":\"https:\\\/\\\/olaarts.rs\\\/#\\\/schema\\\/person\\\/cddef190c0fd7fbcb0a610b46fd9ddc6\"},\"potentialAction\":[{\"@type\":\"SearchAction\",\"target\":{\"@type\":\"EntryPoint\",\"urlTemplate\":\"https:\\\/\\\/olaarts.rs\\\/?s={search_term_string}\"},\"query-input\":{\"@type\":\"PropertyValueSpecification\",\"valueRequired\":true,\"valueName\":\"search_term_string\"}}],\"inLanguage\":\"en-US\"},{\"@type\":[\"Person\",\"Organization\"],\"@id\":\"https:\\\/\\\/olaarts.rs\\\/#\\\/schema\\\/person\\\/cddef190c0fd7fbcb0a610b46fd9ddc6\",\"name\":\"ola_art_s\",\"image\":{\"@type\":\"ImageObject\",\"inLanguage\":\"en-US\",\"@id\":\"https:\\\/\\\/olaarts.rs\\\/wp-content\\\/uploads\\\/2024\\\/01\\\/340A5459-min-removebg-preview-1.png\",\"url\":\"https:\\\/\\\/olaarts.rs\\\/wp-content\\\/uploads\\\/2024\\\/01\\\/340A5459-min-removebg-preview-1.png\",\"contentUrl\":\"https:\\\/\\\/olaarts.rs\\\/wp-content\\\/uploads\\\/2024\\\/01\\\/340A5459-min-removebg-preview-1.png\",\"width\":612,\"height\":408,\"caption\":\"ola_art_s\"},\"logo\":{\"@id\":\"https:\\\/\\\/olaarts.rs\\\/wp-content\\\/uploads\\\/2024\\\/01\\\/340A5459-min-removebg-preview-1.png\"},\"sameAs\":[\"https:\\\/\\\/olaarts.rs\",\"https:\\\/\\\/www.facebook.com\\\/profile.php?id=100076116307580&mibextid=kFxxJD\",\"https:\\\/\\\/www.instagram.com\\\/ola_art_s\\\/\"]}]}<\/script>\n<!-- \/ Yoast SEO plugin. -->","yoast_head_json":{"title":"ola_art_s - Ratnici sre\u0107e - Aleksandra Stefanovi\u0107","description":"Skriveni od pogleda obi\u010dnih ljudi, pokraj jedne male re\u010dice, \u017eivela je nadprirodna vrsta vilinih konjica- Ratnici Sre\u0107e.","robots":{"index":"index","follow":"follow","max-snippet":"max-snippet:-1","max-image-preview":"max-image-preview:large","max-video-preview":"max-video-preview:-1"},"canonical":"https:\/\/olaarts.rs\/en\/ratnici-srece\/","og_locale":"en_US","og_type":"article","og_title":"ola_art_s - Ratnici sre\u0107e - Aleksandra Stefanovi\u0107","og_description":"Skriveni od pogleda obi\u010dnih ljudi, pokraj jedne male re\u010dice, \u017eivela je nadprirodna vrsta vilinih konjica- Ratnici Sre\u0107e.","og_url":"https:\/\/olaarts.rs\/en\/ratnici-srece\/","og_site_name":"ola_art_s","article_publisher":"https:\/\/www.facebook.com\/profile.php?id=100076116307580&mibextid=kFxxJD","article_modified_time":"2026-02-21T09:32:05+00:00","og_image":[{"width":1200,"height":1558,"url":"https:\/\/olaarts.rs\/wp-content\/uploads\/2024\/10\/Ratnici-srece-100-x-120.jpg","type":"image\/jpeg"}],"twitter_card":"summary_large_image","twitter_misc":{"Est. reading time":"3 minutes"},"schema":{"@context":"https:\/\/schema.org","@graph":[{"@type":"WebPage","@id":"https:\/\/olaarts.rs\/ratnici-srece\/","url":"https:\/\/olaarts.rs\/ratnici-srece\/","name":"ola_art_s - Ratnici sre\u0107e - Aleksandra Stefanovi\u0107","isPartOf":{"@id":"https:\/\/olaarts.rs\/#website"},"primaryImageOfPage":{"@id":"https:\/\/olaarts.rs\/ratnici-srece\/#primaryimage"},"image":{"@id":"https:\/\/olaarts.rs\/ratnici-srece\/#primaryimage"},"thumbnailUrl":"https:\/\/olaarts.rs\/wp-content\/uploads\/2024\/10\/Ratnici-srece-100-x-120-789x1024.jpg","datePublished":"2024-01-27T19:23:44+00:00","dateModified":"2026-02-21T09:32:05+00:00","description":"Skriveni od pogleda obi\u010dnih ljudi, pokraj jedne male re\u010dice, \u017eivela je nadprirodna vrsta vilinih konjica- Ratnici Sre\u0107e.","breadcrumb":{"@id":"https:\/\/olaarts.rs\/ratnici-srece\/#breadcrumb"},"inLanguage":"en-US","potentialAction":[{"@type":"ReadAction","target":["https:\/\/olaarts.rs\/ratnici-srece\/"]}]},{"@type":"ImageObject","inLanguage":"en-US","@id":"https:\/\/olaarts.rs\/ratnici-srece\/#primaryimage","url":"https:\/\/olaarts.rs\/wp-content\/uploads\/2024\/10\/Ratnici-srece-100-x-120-789x1024.jpg","contentUrl":"https:\/\/olaarts.rs\/wp-content\/uploads\/2024\/10\/Ratnici-srece-100-x-120-789x1024.jpg"},{"@type":"BreadcrumbList","@id":"https:\/\/olaarts.rs\/ratnici-srece\/#breadcrumb","itemListElement":[{"@type":"ListItem","position":1,"name":"Aleksandra Stefanovi\u0107","item":"https:\/\/olaarts.rs\/"},{"@type":"ListItem","position":2,"name":"Ratnici sre\u0107e"}]},{"@type":"WebSite","@id":"https:\/\/olaarts.rs\/#website","url":"https:\/\/olaarts.rs\/","name":"Ola arts","description":"Aleksandra Stefanovic","publisher":{"@id":"https:\/\/olaarts.rs\/#\/schema\/person\/cddef190c0fd7fbcb0a610b46fd9ddc6"},"potentialAction":[{"@type":"SearchAction","target":{"@type":"EntryPoint","urlTemplate":"https:\/\/olaarts.rs\/?s={search_term_string}"},"query-input":{"@type":"PropertyValueSpecification","valueRequired":true,"valueName":"search_term_string"}}],"inLanguage":"en-US"},{"@type":["Person","Organization"],"@id":"https:\/\/olaarts.rs\/#\/schema\/person\/cddef190c0fd7fbcb0a610b46fd9ddc6","name":"ola_art_s","image":{"@type":"ImageObject","inLanguage":"en-US","@id":"https:\/\/olaarts.rs\/wp-content\/uploads\/2024\/01\/340A5459-min-removebg-preview-1.png","url":"https:\/\/olaarts.rs\/wp-content\/uploads\/2024\/01\/340A5459-min-removebg-preview-1.png","contentUrl":"https:\/\/olaarts.rs\/wp-content\/uploads\/2024\/01\/340A5459-min-removebg-preview-1.png","width":612,"height":408,"caption":"ola_art_s"},"logo":{"@id":"https:\/\/olaarts.rs\/wp-content\/uploads\/2024\/01\/340A5459-min-removebg-preview-1.png"},"sameAs":["https:\/\/olaarts.rs","https:\/\/www.facebook.com\/profile.php?id=100076116307580&mibextid=kFxxJD","https:\/\/www.instagram.com\/ola_art_s\/"]}]}},"_links":{"self":[{"href":"https:\/\/olaarts.rs\/en\/wp-json\/wp\/v2\/pages\/1599","targetHints":{"allow":["GET"]}}],"collection":[{"href":"https:\/\/olaarts.rs\/en\/wp-json\/wp\/v2\/pages"}],"about":[{"href":"https:\/\/olaarts.rs\/en\/wp-json\/wp\/v2\/types\/page"}],"author":[{"embeddable":true,"href":"https:\/\/olaarts.rs\/en\/wp-json\/wp\/v2\/users\/1"}],"replies":[{"embeddable":true,"href":"https:\/\/olaarts.rs\/en\/wp-json\/wp\/v2\/comments?post=1599"}],"version-history":[{"count":5,"href":"https:\/\/olaarts.rs\/en\/wp-json\/wp\/v2\/pages\/1599\/revisions"}],"predecessor-version":[{"id":4598,"href":"https:\/\/olaarts.rs\/en\/wp-json\/wp\/v2\/pages\/1599\/revisions\/4598"}],"wp:attachment":[{"href":"https:\/\/olaarts.rs\/en\/wp-json\/wp\/v2\/media?parent=1599"}],"curies":[{"name":"wp","href":"https:\/\/api.w.org\/{rel}","templated":true}]}}